{"id":660,"date":"2020-01-14T11:30:30","date_gmt":"2020-01-14T11:30:30","guid":{"rendered":"https:\/\/raygymenez.com\/?page_id=660"},"modified":"2024-07-30T19:15:37","modified_gmt":"2024-07-30T19:15:37","slug":"drums","status":"publish","type":"page","link":"https:\/\/raygymenez.com\/es\/drums","title":{"rendered":""},"content":{"rendered":"<div class=\"wp-block-buttons alignfull is-content-justification-center is-layout-flex wp-container-core-buttons-is-layout-8057eaf3 wp-block-buttons-is-layout-flex\">\n<div class=\"wp-block-button\"><a class=\"wp-block-button__link\" href=\"https:\/\/raygymenez.com\/es\/producto\/clase-particular-de-bateria\/\" target=\"_blank\" rel=\"noreferrer noopener\">COMPRAR UNA CLASE<\/a><\/div>\n\n\n\n<div class=\"wp-block-button\"><a class=\"wp-block-button__link\" href=\"https:\/\/raygymenez.com\/es\/producto\/bono-de-4-clases-de-bateria\/\" target=\"_blank\" rel=\"noreferrer noopener\">COMPRAR BONO DE 4 CLASES<\/a><\/div>\n<\/div>\n\n\n\n\n\n<p>Las clases de bater\u00eda se dividen en cinco secciones. A lo largo de la experiencia, mi ense\u00f1anza es mixta, integrando las diferentes t\u00e9cnicas y estudios que he realizado a lo largo del tiempo basados en m\u00e9todos de trabajo como Stick Controll, Syncopation, New Breed o Language of Drumming.<\/p>\n\n\n\n<p>&nbsp;- Agarre<\/p>\n\n\n\n<p>Una de las cosas m\u00e1s importantes a la hora de aprender a tocar la bater\u00eda es el Grip, ya que nos permitir\u00e1 tener un control absoluto sobre la baqueta. Existen varios tipos de Grip, pero los principales son:&nbsp;<em>Traditional Grip y Match Grip.<\/em><\/p>\n\n\n\n<figure class=\"wp-block-image size-large\"><img loading=\"lazy\" decoding=\"async\" width=\"886\" height=\"521\" src=\"https:\/\/raygymenez.com\/wp-content\/uploads\/2020\/01\/baquetas.png\" alt=\"\" class=\"wp-image-674\" srcset=\"https:\/\/raygymenez.com\/wp-content\/uploads\/2020\/01\/baquetas.png 886w, https:\/\/raygymenez.com\/wp-content\/uploads\/2020\/01\/baquetas-600x353.png 600w, https:\/\/raygymenez.com\/wp-content\/uploads\/2020\/01\/baquetas-300x176.png 300w, https:\/\/raygymenez.com\/wp-content\/uploads\/2020\/01\/baquetas-768x452.png 768w\" sizes=\"auto, (max-width: 886px) 100vw, 886px\" \/><\/figure>\n\n\n\n<p><strong>&nbsp;&#8211; <strong>TECNICA DE CAJA<\/strong> <\/strong><\/p>\n\n\n\n<p>El desarrollo de la bater\u00eda, siempre se centra en la t\u00e9cnica de las manos, a partir de ah\u00ed, podemos aplicar los diferentes ejercicios y t\u00e9cnicas al resto de la bater\u00eda, como la coordinaci\u00f3n o las t\u00e9cnicas del bombo. Si tenemos control sobre las baquetas, tendremos control sobre el resto de la bater\u00eda.<\/p>\n\n\n\n<p>- Acentos<\/p>\n\n\n\n<p>&#8211; Paradidles<\/p>\n\n\n\n<p>&#8211; Single roll<\/p>\n\n\n\n<p>&#8211; Double roll<\/p>\n\n\n\n<p>&#8211; Press roll<\/p>\n\n\n\n<p>- Rudimentos<\/p>\n\n\n\n<p>&#8211; Flams<\/p>\n\n\n\n<p>- T\u00e9cnica de dedos<\/p>\n\n\n\n<p><strong>&#8211; <strong>TECNICA DE BOMBO<\/strong><\/strong><\/p>\n\n\n\n<p><strong>&#8211; <strong>COORDINACION E INDEPENDENCIA<\/strong><\/strong><\/p>\n\n\n\n<p><strong>&nbsp;&#8211; BREAKS AND FILLS<\/strong><\/p>\n\n\n\n<p><\/p>\n\n\n\n<p><\/p>\n\n\n\n<p><\/p>\n\n\n\n<div class=\"wp-block-buttons is-layout-flex wp-block-buttons-is-layout-flex\">\n\n<\/div>\n\n\n\n<div class=\"wp-block-buttons is-layout-flex wp-block-buttons-is-layout-flex\"><\/div>\n\n\n\n<div class=\"wp-block-buttons is-layout-flex wp-block-buttons-is-layout-flex\">\n\n\n\n<\/div>","protected":false},"excerpt":{"rendered":"<p>Drums classes are splited into five sections. Over the experience, my teaching is a mixed of integrating the different techniques and studies that I have undertaken over the time based<\/p>\n<p class=\"more-link\"><a href=\"https:\/\/raygymenez.com\/es\/drums\" class=\"readmore\">Seguir leyendo<span class=\"screen-reader-text\"><\/span><\/a><\/p>","protected":false},"author":1,"featured_media":0,"parent":0,"menu_order":0,"comment_status":"closed","ping_status":"closed","template":"","meta":{"footnotes":""},"class_list":["post-660","page","type-page","status-publish","hentry"],"yoast_head":"<!-- This site is optimized with the Yoast SEO plugin v27.4 - https:\/\/yoast.com\/product\/yoast-seo-wordpress\/ -->\n<title>- Ray Gymenez<\/title>\n<meta name=\"robots\" content=\"index, follow, max-snippet:-1, max-image-preview:large, max-video-preview:-1\" \/>\n<link rel=\"canonical\" href=\"https:\/\/raygymenez.com\/es\/drums\/\" \/>\n<meta property=\"og:locale\" content=\"es_ES\" \/>\n<meta property=\"og:type\" content=\"article\" \/>\n<meta property=\"og:title\" content=\"- Ray Gymenez\" \/>\n<meta property=\"og:description\" content=\"Drums classes are splited into five sections. Over the experience, my teaching is a mixed of integrating the different techniques and studies that I have undertaken over the time basedSeguir leyendo\" \/>\n<meta property=\"og:url\" content=\"https:\/\/raygymenez.com\/es\/drums\/\" \/>\n<meta property=\"og:site_name\" content=\"Ray Gymenez\" \/>\n<meta property=\"article:modified_time\" content=\"2024-07-30T19:15:37+00:00\" \/>\n<meta property=\"og:image\" content=\"https:\/\/raygymenez.com\/wp-content\/uploads\/2020\/01\/baquetas.png\" \/>\n<meta name=\"twitter:card\" content=\"summary_large_image\" \/>\n<meta name=\"twitter:label1\" content=\"Tiempo de lectura\" \/>\n\t<meta name=\"twitter:data1\" content=\"2 minutos\" \/>\n<script type=\"application\/ld+json\" class=\"yoast-schema-graph\">{\"@context\":\"https:\\\/\\\/schema.org\",\"@graph\":[{\"@type\":\"WebPage\",\"@id\":\"https:\\\/\\\/raygymenez.com\\\/drums\",\"url\":\"https:\\\/\\\/raygymenez.com\\\/drums\",\"name\":\"- Ray Gymenez\",\"isPartOf\":{\"@id\":\"https:\\\/\\\/raygymenez.com\\\/#website\"},\"primaryImageOfPage\":{\"@id\":\"https:\\\/\\\/raygymenez.com\\\/drums#primaryimage\"},\"image\":{\"@id\":\"https:\\\/\\\/raygymenez.com\\\/drums#primaryimage\"},\"thumbnailUrl\":\"https:\\\/\\\/raygymenez.com\\\/wp-content\\\/uploads\\\/2020\\\/01\\\/baquetas.png\",\"datePublished\":\"2020-01-14T11:30:30+00:00\",\"dateModified\":\"2024-07-30T19:15:37+00:00\",\"inLanguage\":\"es\",\"potentialAction\":[{\"@type\":\"ReadAction\",\"target\":[\"https:\\\/\\\/raygymenez.com\\\/drums\"]}]},{\"@type\":\"ImageObject\",\"inLanguage\":\"es\",\"@id\":\"https:\\\/\\\/raygymenez.com\\\/drums#primaryimage\",\"url\":\"https:\\\/\\\/raygymenez.com\\\/wp-content\\\/uploads\\\/2020\\\/01\\\/baquetas.png\",\"contentUrl\":\"https:\\\/\\\/raygymenez.com\\\/wp-content\\\/uploads\\\/2020\\\/01\\\/baquetas.png\"},{\"@type\":\"WebSite\",\"@id\":\"https:\\\/\\\/raygymenez.com\\\/#website\",\"url\":\"https:\\\/\\\/raygymenez.com\\\/\",\"name\":\"Ray Gymenez\",\"description\":\"Drummer\\\/Producer\\\/Composer\",\"potentialAction\":[{\"@type\":\"SearchAction\",\"target\":{\"@type\":\"EntryPoint\",\"urlTemplate\":\"https:\\\/\\\/raygymenez.com\\\/?s={search_term_string}\"},\"query-input\":{\"@type\":\"PropertyValueSpecification\",\"valueRequired\":true,\"valueName\":\"search_term_string\"}}],\"inLanguage\":\"es\"}]}<\/script>\n<!-- \/ Yoast SEO plugin. -->","yoast_head_json":{"title":"- Ray Gymenez","robots":{"index":"index","follow":"follow","max-snippet":"max-snippet:-1","max-image-preview":"max-image-preview:large","max-video-preview":"max-video-preview:-1"},"canonical":"https:\/\/raygymenez.com\/es\/drums\/","og_locale":"es_ES","og_type":"article","og_title":"- Ray Gymenez","og_description":"Drums classes are splited into five sections. Over the experience, my teaching is a mixed of integrating the different techniques and studies that I have undertaken over the time basedSeguir leyendo","og_url":"https:\/\/raygymenez.com\/es\/drums\/","og_site_name":"Ray Gymenez","article_modified_time":"2024-07-30T19:15:37+00:00","og_image":[{"url":"https:\/\/raygymenez.com\/wp-content\/uploads\/2020\/01\/baquetas.png","type":"","width":"","height":""}],"twitter_card":"summary_large_image","twitter_misc":{"Tiempo de lectura":"2 minutos"},"schema":{"@context":"https:\/\/schema.org","@graph":[{"@type":"WebPage","@id":"https:\/\/raygymenez.com\/drums","url":"https:\/\/raygymenez.com\/drums","name":"- Ray Gymenez","isPartOf":{"@id":"https:\/\/raygymenez.com\/#website"},"primaryImageOfPage":{"@id":"https:\/\/raygymenez.com\/drums#primaryimage"},"image":{"@id":"https:\/\/raygymenez.com\/drums#primaryimage"},"thumbnailUrl":"https:\/\/raygymenez.com\/wp-content\/uploads\/2020\/01\/baquetas.png","datePublished":"2020-01-14T11:30:30+00:00","dateModified":"2024-07-30T19:15:37+00:00","inLanguage":"es","potentialAction":[{"@type":"ReadAction","target":["https:\/\/raygymenez.com\/drums"]}]},{"@type":"ImageObject","inLanguage":"es","@id":"https:\/\/raygymenez.com\/drums#primaryimage","url":"https:\/\/raygymenez.com\/wp-content\/uploads\/2020\/01\/baquetas.png","contentUrl":"https:\/\/raygymenez.com\/wp-content\/uploads\/2020\/01\/baquetas.png"},{"@type":"WebSite","@id":"https:\/\/raygymenez.com\/#website","url":"https:\/\/raygymenez.com\/","name":"Ray Gymenez","description":"Drummer\/Producer\/Composer","potentialAction":[{"@type":"SearchAction","target":{"@type":"EntryPoint","urlTemplate":"https:\/\/raygymenez.com\/?s={search_term_string}"},"query-input":{"@type":"PropertyValueSpecification","valueRequired":true,"valueName":"search_term_string"}}],"inLanguage":"es"}]}},"_links":{"self":[{"href":"https:\/\/raygymenez.com\/es\/wp-json\/wp\/v2\/pages\/660","targetHints":{"allow":["GET"]}}],"collection":[{"href":"https:\/\/raygymenez.com\/es\/wp-json\/wp\/v2\/pages"}],"about":[{"href":"https:\/\/raygymenez.com\/es\/wp-json\/wp\/v2\/types\/page"}],"author":[{"embeddable":true,"href":"https:\/\/raygymenez.com\/es\/wp-json\/wp\/v2\/users\/1"}],"replies":[{"embeddable":true,"href":"https:\/\/raygymenez.com\/es\/wp-json\/wp\/v2\/comments?post=660"}],"version-history":[{"count":25,"href":"https:\/\/raygymenez.com\/es\/wp-json\/wp\/v2\/pages\/660\/revisions"}],"predecessor-version":[{"id":1081,"href":"https:\/\/raygymenez.com\/es\/wp-json\/wp\/v2\/pages\/660\/revisions\/1081"}],"wp:attachment":[{"href":"https:\/\/raygymenez.com\/es\/wp-json\/wp\/v2\/media?parent=660"}],"curies":[{"name":"wp","href":"https:\/\/api.w.org\/{rel}","templated":true}]}}